{"id":677,"date":"2021-03-19T23:47:20","date_gmt":"2021-03-19T23:47:20","guid":{"rendered":"https:\/\/ascasomaquetas.com\/?page_id=677"},"modified":"2026-01-12T23:26:22","modified_gmt":"2026-01-12T23:26:22","slug":"home","status":"publish","type":"page","link":"https:\/\/ascasomaquetas.com\/","title":{"rendered":"Home"},"content":{"rendered":"\t\t<div data-elementor-type=\"wp-page\" data-elementor-id=\"677\" class=\"elementor elementor-677\">\n\t\t\t\t\t\t<section class=\"elementor-section elementor-top-section elementor-element elementor-element-1a1a49dc elementor-section-full_width elementor-section-height-default elementor-section-height-default\" data-id=\"1a1a49dc\" data-element_type=\"section\" data-settings=\"{&quot;background_background&quot;:&quot;classic&quot;}\">\n\t\t\t\t\t\t<div class=\"elementor-container elementor-column-gap-default\">\n\t\t\t\t\t<div class=\"elementor-column elementor-col-100 elementor-top-column elementor-element elementor-element-1b702cbd\" data-id=\"1b702cbd\" data-element_type=\"column\">\n\t\t\t<div class=\"elementor-widget-wrap elementor-element-populated\">\n\t\t\t\t\t\t<div class=\"elementor-element elementor-element-39a85b1d elementor-widget elementor-widget-heading\" data-id=\"39a85b1d\" data-element_type=\"widget\" data-widget_type=\"heading.default\">\n\t\t\t\t<div class=\"elementor-widget-container\">\n\t\t\t<h2 class=\"elementor-heading-title elementor-size-xxl\">Maquetas<\/h2>\t\t<\/div>\n\t\t\t\t<\/div>\n\t\t\t\t<div class=\"elementor-element elementor-element-4ffa6cb3 elementor-widget elementor-widget-heading\" data-id=\"4ffa6cb3\" data-element_type=\"widget\" data-widget_type=\"heading.default\">\n\t\t\t\t<div class=\"elementor-widget-container\">\n\t\t\t<h2 class=\"elementor-heading-title elementor-size-large\">Un idioma universal<\/h2>\t\t<\/div>\n\t\t\t\t<\/div>\n\t\t\t\t<div class=\"elementor-element elementor-element-a9fb7cd elementor-widget elementor-widget-heading\" data-id=\"a9fb7cd\" data-element_type=\"widget\" data-widget_type=\"heading.default\">\n\t\t\t\t<div class=\"elementor-widget-container\">\n\t\t\t<h2 class=\"elementor-heading-title elementor-size-default\">Nuestra Visi\u00f3n...<\/h2>\t\t<\/div>\n\t\t\t\t<\/div>\n\t\t\t\t\t<\/div>\n\t\t<\/div>\n\t\t\t\t\t<\/div>\n\t\t<\/section>\n\t\t\t\t<section class=\"elementor-section elementor-top-section elementor-element elementor-element-1dad839e elementor-section-content-middle elementor-section-height-full elementor-section-boxed elementor-section-height-default elementor-section-items-middle\" data-id=\"1dad839e\" data-element_type=\"section\" data-settings=\"{&quot;background_background&quot;:&quot;classic&quot;}\">\n\t\t\t\t\t\t\t<div class=\"elementor-background-overlay\"><\/div>\n\t\t\t\t\t\t\t<div class=\"elementor-container elementor-column-gap-no\">\n\t\t\t\t\t<div class=\"elementor-column elementor-col-100 elementor-top-column elementor-element elementor-element-31fff97\" data-id=\"31fff97\" data-element_type=\"column\">\n\t\t\t<div class=\"elementor-widget-wrap elementor-element-populated\">\n\t\t\t\t\t\t<div class=\"elementor-element elementor-element-c5d3e1d elementor-widget elementor-widget-heading\" data-id=\"c5d3e1d\" data-element_type=\"widget\" data-widget_type=\"heading.default\">\n\t\t\t\t<div class=\"elementor-widget-container\">\n\t\t\t<h5 class=\"elementor-heading-title elementor-size-default\">Construir maquetas y modelos a partir de planos e im\u00e1genes QUE REFLEJEN el concepto dE su proyecto. Representar la idea COMO una s\u00f3lida realidad... Nuestro compromiso: \n excelencia y tiempo de entrega. Nuestro respaldo: 30 a\u00f1os de experiencia y la satisfacci\u00f3n de  cada uno de nuestros clientes.<\/h5>\t\t<\/div>\n\t\t\t\t<\/div>\n\t\t\t\t\t<\/div>\n\t\t<\/div>\n\t\t\t\t\t<\/div>\n\t\t<\/section>\n\t\t\t\t<section class=\"elementor-section elementor-top-section elementor-element elementor-element-42461073 elementor-section-content-middle elementor-section-boxed elementor-section-height-default elementor-section-height-default\" data-id=\"42461073\" data-element_type=\"section\" data-settings=\"{&quot;background_background&quot;:&quot;classic&quot;}\">\n\t\t\t\t\t\t<div class=\"elementor-container elementor-column-gap-no\">\n\t\t\t\t\t<div class=\"elementor-column elementor-col-33 elementor-top-column elementor-element elementor-element-39f1cdb4\" data-id=\"39f1cdb4\" data-element_type=\"column\">\n\t\t\t<div class=\"elementor-widget-wrap elementor-element-populated\">\n\t\t\t\t\t\t<div class=\"elementor-element elementor-element-4f61ba96 elementor-widget elementor-widget-heading\" data-id=\"4f61ba96\" data-element_type=\"widget\" data-widget_type=\"heading.default\">\n\t\t\t\t<div class=\"elementor-widget-container\">\n\t\t\t<h3 class=\"elementor-heading-title elementor-size-default\">De detalle en detalle...<\/h3>\t\t<\/div>\n\t\t\t\t<\/div>\n\t\t\t\t<div class=\"elementor-element elementor-element-a5a38ac elementor-widget elementor-widget-heading\" data-id=\"a5a38ac\" data-element_type=\"widget\" data-widget_type=\"heading.default\">\n\t\t\t\t<div class=\"elementor-widget-container\">\n\t\t\t<h5 class=\"elementor-heading-title elementor-size-default\">CADA DETALLE es IMPORTAnte PARA LOGRAR EL FIN DESEADO... UN MODELO QUE LOGRE EL OBJETIVO ORIGINAL DE SU CREACI\u00d3N, ES DECIR, QUE EXPRESE EL PROYECTO E IMPACTE SU TARGET.<\/h5>\t\t<\/div>\n\t\t\t\t<\/div>\n\t\t\t\t<div class=\"elementor-element elementor-element-532ef447 elementor-widget elementor-widget-image\" data-id=\"532ef447\" data-element_type=\"widget\" data-widget_type=\"image.default\">\n\t\t\t\t<div class=\"elementor-widget-container\">\n\t\t\t\t\t\t\t\t\t\t\t\t\t<img fetchpriority=\"high\" decoding=\"async\" width=\"1024\" height=\"768\" src=\"https:\/\/ascasomaquetas.com\/wp-content\/uploads\/2021\/03\/Corte_Guaire-1024x768.png\" class=\"elementor-animation-grow attachment-large size-large wp-image-745\" alt=\"\" srcset=\"https:\/\/ascasomaquetas.com\/wp-content\/uploads\/2021\/03\/Corte_Guaire-1024x768.png 1024w, https:\/\/ascasomaquetas.com\/wp-content\/uploads\/2021\/03\/Corte_Guaire-300x225.png 300w, https:\/\/ascasomaquetas.com\/wp-content\/uploads\/2021\/03\/Corte_Guaire-768x576.png 768w, https:\/\/ascasomaquetas.com\/wp-content\/uploads\/2021\/03\/Corte_Guaire.png 1063w\" sizes=\"(max-width: 1024px) 100vw, 1024px\" \/>\t\t\t\t\t\t\t\t\t\t\t\t\t<\/div>\n\t\t\t\t<\/div>\n\t\t\t\t\t<\/div>\n\t\t<\/div>\n\t\t\t\t<div class=\"elementor-column elementor-col-33 elementor-top-column elementor-element elementor-element-7efe1618\" data-id=\"7efe1618\" data-element_type=\"column\">\n\t\t\t<div class=\"elementor-widget-wrap elementor-element-populated\">\n\t\t\t\t\t\t<div class=\"elementor-element elementor-element-4d6f5577 elementor-widget elementor-widget-image\" data-id=\"4d6f5577\" data-element_type=\"widget\" data-widget_type=\"image.default\">\n\t\t\t\t<div class=\"elementor-widget-container\">\n\t\t\t\t\t\t\t\t\t\t\t\t\t<img decoding=\"async\" width=\"546\" height=\"409\" src=\"https:\/\/ascasomaquetas.com\/wp-content\/uploads\/2021\/03\/Puente-editado.png\" class=\"elementor-animation-grow attachment-full size-full wp-image-1239\" alt=\"\" srcset=\"https:\/\/ascasomaquetas.com\/wp-content\/uploads\/2021\/03\/Puente-editado.png 546w, https:\/\/ascasomaquetas.com\/wp-content\/uploads\/2021\/03\/Puente-editado-300x225.png 300w\" sizes=\"(max-width: 546px) 100vw, 546px\" \/>\t\t\t\t\t\t\t\t\t\t\t\t\t<\/div>\n\t\t\t\t<\/div>\n\t\t\t\t\t<\/div>\n\t\t<\/div>\n\t\t\t\t<div class=\"elementor-column elementor-col-33 elementor-top-column elementor-element elementor-element-3f4fd349\" data-id=\"3f4fd349\" data-element_type=\"column\">\n\t\t\t<div class=\"elementor-widget-wrap elementor-element-populated\">\n\t\t\t\t\t\t<div class=\"elementor-element elementor-element-62d419d elementor-widget elementor-widget-image\" data-id=\"62d419d\" data-element_type=\"widget\" data-widget_type=\"image.default\">\n\t\t\t\t<div class=\"elementor-widget-container\">\n\t\t\t\t\t\t\t\t\t\t\t\t\t<img decoding=\"async\" width=\"945\" height=\"708\" src=\"https:\/\/ascasomaquetas.com\/wp-content\/uploads\/2021\/03\/Corte-Puente-1.jpg\" class=\"attachment-large size-large wp-image-749\" alt=\"\" srcset=\"https:\/\/ascasomaquetas.com\/wp-content\/uploads\/2021\/03\/Corte-Puente-1.jpg 945w, https:\/\/ascasomaquetas.com\/wp-content\/uploads\/2021\/03\/Corte-Puente-1-300x225.jpg 300w, https:\/\/ascasomaquetas.com\/wp-content\/uploads\/2021\/03\/Corte-Puente-1-768x575.jpg 768w\" sizes=\"(max-width: 945px) 100vw, 945px\" \/>\t\t\t\t\t\t\t\t\t\t\t\t\t<\/div>\n\t\t\t\t<\/div>\n\t\t\t\t<div class=\"elementor-element elementor-element-5f3c228c elementor-widget elementor-widget-heading\" data-id=\"5f3c228c\" data-element_type=\"widget\" data-widget_type=\"heading.default\">\n\t\t\t\t<div class=\"elementor-widget-container\">\n\t\t\t<h3 class=\"elementor-heading-title elementor-size-default\">El Taller...<\/h3>\t\t<\/div>\n\t\t\t\t<\/div>\n\t\t\t\t<div class=\"elementor-element elementor-element-f25d66c elementor-arrows-position-inside elementor-pagination-position-outside elementor-widget elementor-widget-image-carousel\" data-id=\"f25d66c\" data-element_type=\"widget\" data-settings=\"{&quot;slides_to_show&quot;:&quot;2&quot;,&quot;navigation&quot;:&quot;both&quot;,&quot;autoplay&quot;:&quot;yes&quot;,&quot;pause_on_hover&quot;:&quot;yes&quot;,&quot;pause_on_interaction&quot;:&quot;yes&quot;,&quot;autoplay_speed&quot;:5000,&quot;infinite&quot;:&quot;yes&quot;,&quot;speed&quot;:500}\" data-widget_type=\"image-carousel.default\">\n\t\t\t\t<div class=\"elementor-widget-container\">\n\t\t\t\t\t<div class=\"elementor-image-carousel-wrapper swiper\" dir=\"ltr\">\n\t\t\t<div class=\"elementor-image-carousel swiper-wrapper\" aria-live=\"off\">\n\t\t\t\t\t\t\t\t<div class=\"swiper-slide\" role=\"group\" aria-roledescription=\"slide\" aria-label=\"1 of 6\"><figure class=\"swiper-slide-inner\"><img decoding=\"async\" class=\"swiper-slide-image\" src=\"https:\/\/ascasomaquetas.com\/wp-content\/uploads\/2021\/04\/Pablo-y-Gloria-BN-150x150.jpg\" alt=\"Pablo y Gloria BN\" \/><\/figure><\/div><div class=\"swiper-slide\" role=\"group\" aria-roledescription=\"slide\" aria-label=\"2 of 6\"><figure class=\"swiper-slide-inner\"><img decoding=\"async\" class=\"swiper-slide-image\" src=\"https:\/\/ascasomaquetas.com\/wp-content\/uploads\/2021\/04\/Pablo-y-yo-BN-150x150.jpg\" alt=\"Pablo y yo BN\" \/><\/figure><\/div><div class=\"swiper-slide\" role=\"group\" aria-roledescription=\"slide\" aria-label=\"3 of 6\"><figure class=\"swiper-slide-inner\"><img decoding=\"async\" class=\"swiper-slide-image\" src=\"https:\/\/ascasomaquetas.com\/wp-content\/uploads\/2021\/04\/Sergio_Electro-BN-150x150.jpg\" alt=\"Sergio_Electro BN\" \/><\/figure><\/div><div class=\"swiper-slide\" role=\"group\" aria-roledescription=\"slide\" aria-label=\"4 of 6\"><figure class=\"swiper-slide-inner\"><img decoding=\"async\" class=\"swiper-slide-image\" src=\"https:\/\/ascasomaquetas.com\/wp-content\/uploads\/2021\/04\/Sergio-y-Gloria-BN-150x150.jpg\" alt=\"Sergio y Gloria BN\" \/><\/figure><\/div><div class=\"swiper-slide\" role=\"group\" aria-roledescription=\"slide\" aria-label=\"5 of 6\"><figure class=\"swiper-slide-inner\"><img decoding=\"async\" class=\"swiper-slide-image\" src=\"https:\/\/ascasomaquetas.com\/wp-content\/uploads\/2021\/04\/Pablo_Agua-BN-150x150.jpg\" alt=\"Pablo_Agua BN\" \/><\/figure><\/div><div class=\"swiper-slide\" role=\"group\" aria-roledescription=\"slide\" aria-label=\"6 of 6\"><figure class=\"swiper-slide-inner\"><img decoding=\"async\" class=\"swiper-slide-image\" src=\"https:\/\/ascasomaquetas.com\/wp-content\/uploads\/2021\/03\/Lila-Limpieza_Edited_Negro-150x150.jpg\" alt=\"Lila Limpieza_Edited_Negro\" \/><\/figure><\/div>\t\t\t<\/div>\n\t\t\t\t\t\t\t\t\t\t\t\t<div class=\"elementor-swiper-button elementor-swiper-button-prev\" role=\"button\" tabindex=\"0\">\n\t\t\t\t\t\t<i aria-hidden=\"true\" class=\"eicon-chevron-left\"><\/i>\t\t\t\t\t<\/div>\n\t\t\t\t\t<div class=\"elementor-swiper-button elementor-swiper-button-next\" role=\"button\" tabindex=\"0\">\n\t\t\t\t\t\t<i aria-hidden=\"true\" class=\"eicon-chevron-right\"><\/i>\t\t\t\t\t<\/div>\n\t\t\t\t\n\t\t\t\t\t\t\t\t\t<div class=\"swiper-pagination\"><\/div>\n\t\t\t\t\t\t\t\t\t<\/div>\n\t\t\t\t<\/div>\n\t\t\t\t<\/div>\n\t\t\t\t\t<\/div>\n\t\t<\/div>\n\t\t\t\t\t<\/div>\n\t\t<\/section>\n\t\t\t\t<section class=\"elementor-section elementor-top-section elementor-element elementor-element-7c613893 elementor-section-content-middle elementor-section-full_width elementor-section-height-default elementor-section-height-default\" data-id=\"7c613893\" data-element_type=\"section\" data-settings=\"{&quot;background_background&quot;:&quot;classic&quot;}\">\n\t\t\t\t\t\t<div class=\"elementor-container elementor-column-gap-no\">\n\t\t\t\t\t<div class=\"elementor-column elementor-col-50 elementor-top-column elementor-element elementor-element-4fe116ac\" data-id=\"4fe116ac\" data-element_type=\"column\">\n\t\t\t<div class=\"elementor-widget-wrap elementor-element-populated\">\n\t\t\t\t\t\t<div class=\"elementor-element elementor-element-12eaa3d7 elementor-widget elementor-widget-image\" data-id=\"12eaa3d7\" data-element_type=\"widget\" data-widget_type=\"image.default\">\n\t\t\t\t<div class=\"elementor-widget-container\">\n\t\t\t\t\t\t\t\t\t\t\t\t\t<img loading=\"lazy\" decoding=\"async\" width=\"1119\" height=\"885\" src=\"https:\/\/ascasomaquetas.com\/wp-content\/uploads\/2021\/03\/Maletin-Manos-1_png.png\" class=\"elementor-animation-grow attachment-full size-full wp-image-1345\" alt=\"\" srcset=\"https:\/\/ascasomaquetas.com\/wp-content\/uploads\/2021\/03\/Maletin-Manos-1_png.png 1119w, https:\/\/ascasomaquetas.com\/wp-content\/uploads\/2021\/03\/Maletin-Manos-1_png-300x237.png 300w, https:\/\/ascasomaquetas.com\/wp-content\/uploads\/2021\/03\/Maletin-Manos-1_png-1024x810.png 1024w, https:\/\/ascasomaquetas.com\/wp-content\/uploads\/2021\/03\/Maletin-Manos-1_png-768x607.png 768w\" sizes=\"(max-width: 1119px) 100vw, 1119px\" \/>\t\t\t\t\t\t\t\t\t\t\t\t\t<\/div>\n\t\t\t\t<\/div>\n\t\t\t\t<div class=\"elementor-element elementor-element-27d6ebdf elementor-widget-divider--view-line elementor-widget elementor-widget-divider\" data-id=\"27d6ebdf\" data-element_type=\"widget\" data-widget_type=\"divider.default\">\n\t\t\t\t<div class=\"elementor-widget-container\">\n\t\t\t\t\t<div class=\"elementor-divider\">\n\t\t\t<span class=\"elementor-divider-separator\">\n\t\t\t\t\t\t<\/span>\n\t\t<\/div>\n\t\t\t\t<\/div>\n\t\t\t\t<\/div>\n\t\t\t\t\t<\/div>\n\t\t<\/div>\n\t\t\t\t<div class=\"elementor-column elementor-col-50 elementor-top-column elementor-element elementor-element-25948ec6\" data-id=\"25948ec6\" data-element_type=\"column\">\n\t\t\t<div class=\"elementor-widget-wrap elementor-element-populated\">\n\t\t\t\t\t\t<div class=\"elementor-element elementor-element-feace04 elementor-widget elementor-widget-heading\" data-id=\"feace04\" data-element_type=\"widget\" data-widget_type=\"heading.default\">\n\t\t\t\t<div class=\"elementor-widget-container\">\n\t\t\t<h5 class=\"elementor-heading-title elementor-size-default\">El ambiente de trabajo conceptualiza un espacio id\u00f3neo para cada creaci\u00f3n. proceso en el cual nos acompa\u00f1an diversas herramientas, desde una cl\u00e1sica cuchilla de x-acto, agregando la carpinter\u00eda de maderas, metales, revestimientos, electr\u00f3nica, hasta equipos de alta tecnolog\u00eda de corte y grabado l\u00e1ser.<\/h5>\t\t<\/div>\n\t\t\t\t<\/div>\n\t\t\t\t<div class=\"elementor-element elementor-element-2871478 elementor-widget elementor-widget-image\" data-id=\"2871478\" data-element_type=\"widget\" data-widget_type=\"image.default\">\n\t\t\t\t<div class=\"elementor-widget-container\">\n\t\t\t\t\t\t\t\t\t\t\t\t\t<img loading=\"lazy\" decoding=\"async\" width=\"837\" height=\"529\" src=\"https:\/\/ascasomaquetas.com\/wp-content\/uploads\/2021\/03\/Lila-Limpieza_Edited_Negro.jpg\" class=\"elementor-animation-grow attachment-full size-full wp-image-779\" alt=\"\" srcset=\"https:\/\/ascasomaquetas.com\/wp-content\/uploads\/2021\/03\/Lila-Limpieza_Edited_Negro.jpg 837w, https:\/\/ascasomaquetas.com\/wp-content\/uploads\/2021\/03\/Lila-Limpieza_Edited_Negro-300x190.jpg 300w, https:\/\/ascasomaquetas.com\/wp-content\/uploads\/2021\/03\/Lila-Limpieza_Edited_Negro-768x485.jpg 768w\" sizes=\"(max-width: 837px) 100vw, 837px\" \/>\t\t\t\t\t\t\t\t\t\t\t\t\t<\/div>\n\t\t\t\t<\/div>\n\t\t\t\t\t<\/div>\n\t\t<\/div>\n\t\t\t\t\t<\/div>\n\t\t<\/section>\n\t\t\t\t<section class=\"elementor-section elementor-top-section elementor-element elementor-element-6a07fe19 elementor-section-content-middle elementor-section-boxed elementor-section-height-default elementor-section-height-default\" data-id=\"6a07fe19\" data-element_type=\"section\">\n\t\t\t\t\t\t<div class=\"elementor-container elementor-column-gap-no\">\n\t\t\t\t\t<div class=\"elementor-column elementor-col-100 elementor-top-column elementor-element elementor-element-5b44793a\" data-id=\"5b44793a\" data-element_type=\"column\">\n\t\t\t<div class=\"elementor-widget-wrap elementor-element-populated\">\n\t\t\t\t\t\t<div class=\"elementor-element elementor-element-b428f4d elementor-widget elementor-widget-image\" data-id=\"b428f4d\" data-element_type=\"widget\" data-widget_type=\"image.default\">\n\t\t\t\t<div class=\"elementor-widget-container\">\n\t\t\t\t\t\t\t\t\t\t\t\t\t<img loading=\"lazy\" decoding=\"async\" width=\"1181\" height=\"887\" src=\"https:\/\/ascasomaquetas.com\/wp-content\/uploads\/2021\/03\/Andres-Seguridad-1.jpg\" class=\"attachment-full size-full wp-image-1351\" alt=\"\" srcset=\"https:\/\/ascasomaquetas.com\/wp-content\/uploads\/2021\/03\/Andres-Seguridad-1.jpg 1181w, https:\/\/ascasomaquetas.com\/wp-content\/uploads\/2021\/03\/Andres-Seguridad-1-300x225.jpg 300w, https:\/\/ascasomaquetas.com\/wp-content\/uploads\/2021\/03\/Andres-Seguridad-1-1024x769.jpg 1024w, https:\/\/ascasomaquetas.com\/wp-content\/uploads\/2021\/03\/Andres-Seguridad-1-768x577.jpg 768w\" sizes=\"(max-width: 1181px) 100vw, 1181px\" \/>\t\t\t\t\t\t\t\t\t\t\t\t\t<\/div>\n\t\t\t\t<\/div>\n\t\t\t\t<div class=\"elementor-element elementor-element-5b85c29 elementor-widget elementor-widget-text-editor\" data-id=\"5b85c29\" data-element_type=\"widget\" data-widget_type=\"text-editor.default\">\n\t\t\t\t<div class=\"elementor-widget-container\">\n\t\t\t\t\t\t\t<p>REALIZAMOS MAQUETAS TEM\u00c1TICAS INTERACTIVAS EN CUALQUIER FORMATO DISE\u00d1ADAS PARA SER MANIPULADAS POR VARIOS USUARIOS A LA VEZ. IDEALES PARA PROYECTOS DE INFRAESTRUCTURA, SE\u00d1ALIZACI\u00d3N DE MUSEOS TEM\u00c1TICOS, CIUDADES A ESCALA O COMPLEJOS ARQUITECT\u00d3NICOS, COMERCIALES E INDUSTRIALES.<\/p>\t\t\t\t\t\t<\/div>\n\t\t\t\t<\/div>\n\t\t\t\t<div class=\"elementor-element elementor-element-257f4a6 elementor-widget-divider--view-line elementor-widget elementor-widget-divider\" data-id=\"257f4a6\" data-element_type=\"widget\" data-widget_type=\"divider.default\">\n\t\t\t\t<div class=\"elementor-widget-container\">\n\t\t\t\t\t<div class=\"elementor-divider\">\n\t\t\t<span class=\"elementor-divider-separator\">\n\t\t\t\t\t\t<\/span>\n\t\t<\/div>\n\t\t\t\t<\/div>\n\t\t\t\t<\/div>\n\t\t\t\t\t<\/div>\n\t\t<\/div>\n\t\t\t\t\t<\/div>\n\t\t<\/section>\n\t\t\t\t<section class=\"elementor-section elementor-top-section elementor-element elementor-element-4bc74455 elementor-section-content-middle elementor-section-boxed elementor-section-height-default elementor-section-height-default\" data-id=\"4bc74455\" data-element_type=\"section\" data-settings=\"{&quot;background_background&quot;:&quot;classic&quot;}\">\n\t\t\t\t\t\t<div class=\"elementor-container elementor-column-gap-no\">\n\t\t\t\t\t<div class=\"elementor-column elementor-col-100 elementor-top-column elementor-element elementor-element-aa327e2\" data-id=\"aa327e2\" data-element_type=\"column\">\n\t\t\t<div class=\"elementor-widget-wrap elementor-element-populated\">\n\t\t\t\t\t\t<div class=\"elementor-element elementor-element-6b1acc2 elementor-widget elementor-widget-image\" data-id=\"6b1acc2\" data-element_type=\"widget\" data-widget_type=\"image.default\">\n\t\t\t\t<div class=\"elementor-widget-container\">\n\t\t\t\t\t\t\t\t\t\t\t\t\t<img loading=\"lazy\" decoding=\"async\" width=\"1024\" height=\"653\" src=\"https:\/\/ascasomaquetas.com\/wp-content\/uploads\/2021\/03\/Instalando-Oficina-Ministro_Mejor-1-1024x653.png\" class=\"attachment-large size-large wp-image-1255\" alt=\"\" srcset=\"https:\/\/ascasomaquetas.com\/wp-content\/uploads\/2021\/03\/Instalando-Oficina-Ministro_Mejor-1-1024x653.png 1024w, https:\/\/ascasomaquetas.com\/wp-content\/uploads\/2021\/03\/Instalando-Oficina-Ministro_Mejor-1-300x191.png 300w, https:\/\/ascasomaquetas.com\/wp-content\/uploads\/2021\/03\/Instalando-Oficina-Ministro_Mejor-1-768x490.png 768w, https:\/\/ascasomaquetas.com\/wp-content\/uploads\/2021\/03\/Instalando-Oficina-Ministro_Mejor-1.png 1276w\" sizes=\"(max-width: 1024px) 100vw, 1024px\" \/>\t\t\t\t\t\t\t\t\t\t\t\t\t<\/div>\n\t\t\t\t<\/div>\n\t\t\t\t<div class=\"elementor-element elementor-element-7af0326 elementor-widget elementor-widget-heading\" data-id=\"7af0326\" data-element_type=\"widget\" data-widget_type=\"heading.default\">\n\t\t\t\t<div class=\"elementor-widget-container\">\n\t\t\t<h5 class=\"elementor-heading-title elementor-size-default\">Contacto<\/h5>\t\t<\/div>\n\t\t\t\t<\/div>\n\t\t\t\t<div class=\"elementor-element elementor-element-81538bb elementor-widget elementor-widget-heading\" data-id=\"81538bb\" data-element_type=\"widget\" data-widget_type=\"heading.default\">\n\t\t\t\t<div class=\"elementor-widget-container\">\n\t\t\t<h4 class=\"elementor-heading-title elementor-size-default\">Para m\u00e1s informaci\u00f3n...<\/h4>\t\t<\/div>\n\t\t\t\t<\/div>\n\t\t\t\t<div class=\"elementor-element elementor-element-a67dacc elementor-widget elementor-widget-text-editor\" data-id=\"a67dacc\" data-element_type=\"widget\" data-widget_type=\"text-editor.default\">\n\t\t\t\t<div class=\"elementor-widget-container\">\n\t\t\t\t\t\t\t<p style=\"text-align: center;\">info@ascasomaquetas.com \/arte.ascaso@gmail.com\u00a0 \u00a0 +58 412 6038386 \/<span style=\"font-style: inherit; font-weight: inherit;\">\u00a0Caracas 1061<\/span><\/p>\t\t\t\t\t\t<\/div>\n\t\t\t\t<\/div>\n\t\t\t\t\t<\/div>\n\t\t<\/div>\n\t\t\t\t\t<\/div>\n\t\t<\/section>\n\t\t\t\t<section class=\"elementor-section elementor-top-section elementor-element elementor-element-675da32 elementor-section-boxed elementor-section-height-default elementor-section-height-default\" data-id=\"675da32\" data-element_type=\"section\">\n\t\t\t\t\t\t<div class=\"elementor-container elementor-column-gap-default\">\n\t\t\t\t\t<div class=\"elementor-column elementor-col-100 elementor-top-column elementor-element elementor-element-771a21a\" data-id=\"771a21a\" data-element_type=\"column\">\n\t\t\t<div class=\"elementor-widget-wrap elementor-element-populated\">\n\t\t\t\t\t\t<div class=\"elementor-element elementor-element-c34f01a elementor-widget elementor-widget-text-editor\" data-id=\"c34f01a\" data-element_type=\"widget\" data-widget_type=\"text-editor.default\">\n\t\t\t\t<div class=\"elementor-widget-container\">\n\t\t\t\t\t\t\t<p style=\"text-align: center;\"><strong>PROYECTOS S\u00d3LIDOS EN 3 DIMENSIONES<\/strong><\/p>\t\t\t\t\t\t<\/div>\n\t\t\t\t<\/div>\n\t\t\t\t\t<\/div>\n\t\t<\/div>\n\t\t\t\t\t<\/div>\n\t\t<\/section>\n\t\t\t\t<\/div>\n\t\t","protected":false},"excerpt":{"rendered":"<p>Maquetas Un idioma universal Nuestra Visi\u00f3n&#8230; Construir maquetas y modelos a partir de planos e im\u00e1genes QUE REFLEJEN el concepto dE su proyecto. Representar la idea COMO una s\u00f3lida realidad&#8230; Nuestro compromiso: excelencia y tiempo de entrega. Nuestro respaldo: 30 a\u00f1os de experiencia y la satisfacci\u00f3n de cada uno de nuestros clientes. De detalle en [&hellip;]<\/p>\n","protected":false},"author":1,"featured_media":0,"parent":0,"menu_order":0,"comment_status":"closed","ping_status":"closed","template":"","meta":{"site-sidebar-layout":"no-sidebar","site-content-layout":"page-builder","ast-site-content-layout":"","site-content-style":"default","site-sidebar-style":"default","ast-global-header-display":"","ast-banner-title-visibility":"","ast-main-header-display":"","ast-hfb-above-header-display":"","ast-hfb-below-header-display":"","ast-hfb-mobile-header-display":"","site-post-title":"disabled","ast-breadcrumbs-content":"","ast-featured-img":"disabled","footer-sml-layout":"","theme-transparent-header-meta":"default","adv-header-id-meta":"","stick-header-meta":"","header-above-stick-meta":"","header-main-stick-meta":"","header-below-stick-meta":"","astra-migrate-meta-layouts":"default","ast-page-background-enabled":"default","ast-page-background-meta":{"desktop":{"background-color":"var(--ast-global-color-4)","background-image":"","background-repeat":"repeat","background-position":"center center","background-size":"auto","background-attachment":"scroll","background-type":"","background-media":"","overlay-type":"","overlay-color":"","overlay-opacity":"","overlay-gradient":""},"tablet":{"background-color":"","background-image":"","background-repeat":"repeat","background-position":"center center","background-size":"auto","background-attachment":"scroll","background-type":"","background-media":"","overlay-type":"","overlay-color":"","overlay-opacity":"","overlay-gradient":""},"mobile":{"background-color":"","background-image":"","background-repeat":"repeat","background-position":"center center","background-size":"auto","background-attachment":"scroll","background-type":"","background-media":"","overlay-type":"","overlay-color":"","overlay-opacity":"","overlay-gradient":""}},"ast-content-background-meta":{"desktop":{"background-color":"var(--ast-global-color-5)","background-image":"","background-repeat":"repeat","background-position":"center center","background-size":"auto","background-attachment":"scroll","background-type":"","background-media":"","overlay-type":"","overlay-color":"","overlay-opacity":"","overlay-gradient":""},"tablet":{"background-color":"var(--ast-global-color-5)","background-image":"","background-repeat":"repeat","background-position":"center center","background-size":"auto","background-attachment":"scroll","background-type":"","background-media":"","overlay-type":"","overlay-color":"","overlay-opacity":"","overlay-gradient":""},"mobile":{"background-color":"var(--ast-global-color-5)","background-image":"","background-repeat":"repeat","background-position":"center center","background-size":"auto","background-attachment":"scroll","background-type":"","background-media":"","overlay-type":"","overlay-color":"","overlay-opacity":"","overlay-gradient":""}},"footnotes":""},"class_list":["post-677","page","type-page","status-publish","hentry"],"_links":{"self":[{"href":"https:\/\/ascasomaquetas.com\/index.php\/wp-json\/wp\/v2\/pages\/677","targetHints":{"allow":["GET"]}}],"collection":[{"href":"https:\/\/ascasomaquetas.com\/index.php\/wp-json\/wp\/v2\/pages"}],"about":[{"href":"https:\/\/ascasomaquetas.com\/index.php\/wp-json\/wp\/v2\/types\/page"}],"author":[{"embeddable":true,"href":"https:\/\/ascasomaquetas.com\/index.php\/wp-json\/wp\/v2\/users\/1"}],"replies":[{"embeddable":true,"href":"https:\/\/ascasomaquetas.com\/index.php\/wp-json\/wp\/v2\/comments?post=677"}],"version-history":[{"count":636,"href":"https:\/\/ascasomaquetas.com\/index.php\/wp-json\/wp\/v2\/pages\/677\/revisions"}],"predecessor-version":[{"id":1820,"href":"https:\/\/ascasomaquetas.com\/index.php\/wp-json\/wp\/v2\/pages\/677\/revisions\/1820"}],"wp:attachment":[{"href":"https:\/\/ascasomaquetas.com\/index.php\/wp-json\/wp\/v2\/media?parent=677"}],"curies":[{"name":"wp","href":"https:\/\/api.w.org\/{rel}","templated":true}]}}